{"id":3,"date":"2023-05-05T16:39:02","date_gmt":"2023-05-05T14:39:02","guid":{"rendered":"https:\/\/skodatour.lu\/?page_id=3"},"modified":"2023-09-19T17:20:19","modified_gmt":"2023-09-19T15:20:19","slug":"datenschutzbestimmungen","status":"publish","type":"page","link":"https:\/\/skodatour.lu\/de\/datenschutzbestimmungen\/","title":{"rendered":"Datenschutzbestimmungen"},"content":{"rendered":"<p>Bei Skoda Tour de Luxembourg verpflichten wir uns, Ihre Privatsph\u00e4re zu sch\u00fctzen, indem wir Informationen nur soweit wie n\u00f6tig sammeln und aufbewahren, Ihre pers\u00f6nlichen Daten durch den Einsatz sicherer Technologien und anderer geeigneter Ma\u00dfnahmen sch\u00fctzen.<br>Ma\u00dfnahmen zu seinem Schutz.<\/p>\n\n\n\n<p><br>Diese Datenschutzrichtlinie enth\u00e4lt die Arten von Informationen, die von Skoda Tour de Luxembourg gesammelt und aufgezeichnet werden, und wie wir sie verwenden.<\/p>\n\n\n\n<p><br><strong>Personenbezogene Daten und GDPR<\/strong><br>Ihre Privatsph\u00e4re ist uns wichtig, und wir m\u00f6chten mit Ihnen auf eine Art und Weise kommunizieren, die Ihren W\u00fcnschen entspricht.<br>die mit der EU-Datenschutzgrundverordnung (GDPR) \u00fcbereinstimmen.<br>Alle pers\u00f6nlichen Daten, die Sie Skoda Tour de Luxembourg \u00fcber unsere Website zur Verf\u00fcgung stellen, werden nur f\u00fcr die Zwecke von Skoda Tour de Luxembourg verwendet. Mit der \u00dcbermittlung Ihrer Daten \u00fcber unser Kontaktformular best\u00e4tigen Sie, dass Sie damit einverstanden sind, dass Skoda Tour de Luxembourg Ihre pers\u00f6nlichen Daten speichert und verarbeitet, um Sie bez\u00fcglich Ihrer Nachricht zu kontaktieren.<\/p>\n\n\n\n<p><br>Die personenbezogenen Daten, die wir \u00fcber unsere Website erhalten, werden auf der Grundlage verarbeitet, dass:<br>i) wir ein berechtigtes Interesse daran haben, da es f\u00fcr unseren Gesch\u00e4ftsbetrieb unerl\u00e4sslich ist;<br>ii) wir ben\u00f6tigen sie, um Ihnen zu antworten, wenn Sie ein Kontaktformular ausgef\u00fcllt haben;<br>iii) wir von Ihnen die Erlaubnis erhalten haben, indem Sie sich f\u00fcr den Erhalt unserer Skoda Tour de Luxembourg Blogbeitr\u00e4ge und Nachrichten angemeldet haben.<\/p>\n\n\n\n<p>\u200b<\/p>\n\n\n\n<p>Skoda Tour de Luxembourg wird Ihre pers\u00f6nlichen Daten niemals an kommerzielle Einrichtungen verkaufen, vermieten oder verleasen. Ihre Daten werden nur mit Ihrer Zustimmung an Dritte weitergegeben.<\/p>\n\n\n\n<p><br>Informationen, die Sie auf unserer Website eingeben, werden in unserer sicheren Datenbank gespeichert. In \u00dcbereinstimmung mit<br>GDPR-Anforderungen werden wir Informationen niemals l\u00e4nger aufbewahren, als es vern\u00fcnftigerweise notwendig ist, um die<br>die Zwecke, f\u00fcr die sie gespeichert werden. Die \u00fcber das Kontaktformular \u00fcbermittelten Daten werden unverz\u00fcglich gel\u00f6scht, wenn<br>wir Ihre Kontaktanfrage nicht bearbeiten k\u00f6nnen, oder f\u00fcr die Dauer unserer Zusammenarbeit und f\u00fcr<br>bis zu 5 bis 10 Jahre nach Beendigung des Projekts. Die Daten, die bei der Anmeldung zu unserem Blog erfasst werden, werden gespeichert bis<br>Sie Ihre Zustimmung widerrufen, indem Sie sich \u00fcber den Link in der E-Mail abmelden oder uns eine E-Mail schicken.<\/p>\n\n\n\n<p><br><strong>Cookies<\/strong><br>Cookies sind kleine Datendateien, die auf Ihrem Computer oder Mobilger\u00e4t gespeichert werden, wenn Sie eine Website besuchen.<br>Website. Cookies werden von Dienstleistern h\u00e4ufig verwendet, um Informationen zu speichern, einschlie\u00dflich der Daten der Besucher<br>Pr\u00e4ferenzen und die Seiten der Website, die der Besucher aufgerufen oder besucht hat. Die Informationen sind<br>verwendet, um die Nutzererfahrung zu optimieren, indem wir den Inhalt unserer Webseiten an die Bed\u00fcrfnisse der Besucher anpassen.<\/p>\n\n\n\n<p>Browser-Typ und\/oder andere Informationen. Sie k\u00f6nnen gespeicherte Cookies jederzeit blockieren, \u00fcberwachen oder l\u00f6schen<br>auf Ihrem Computer, indem Sie die Einstellungen Ihres Webbrowsers \u00e4ndern.<\/p>\n\n\n\n<p><strong>Zustimmung<\/strong><\/p>\n\n\n\n<p><br>Durch die Nutzung unserer Website erkl\u00e4ren Sie sich mit unserer Datenschutzrichtlinie einverstanden und stimmen deren Bedingungen zu.<br>Bedingungen. Wenn Sie damit nicht einverstanden sind, nutzen Sie unsere Website bitte nicht.<\/p>\n\n\n\n<p><br>Wenn Sie weitere Fragen haben oder mehr Informationen \u00fcber unsere Datenschutzrichtlinie ben\u00f6tigen, wenden Sie sich bitte an<br>z\u00f6gern Sie nicht, uns zu kontaktieren.<\/p>","protected":false},"excerpt":{"rendered":"<p>Bei Skoda Tour de Luxembourg verpflichten wir uns, Ihre Privatsph\u00e4re zu sch\u00fctzen, indem wir Informationen nur so weit wie n\u00f6tig sammeln und aufbewahren und Ihre pers\u00f6nlichen Daten durch sichere Technologien und andere geeignete Ma\u00dfnahmen sch\u00fctzen. Diese Datenschutzrichtlinie enth\u00e4lt die Arten von Informationen, die von Skoda Tour de Luxembourg gesammelt und gespeichert werden und wie [...]<\/p>","protected":false},"author":1,"featured_media":0,"parent":0,"menu_order":15,"comment_status":"closed","ping_status":"closed","template":"","meta":{"footnotes":""},"class_list":["post-3","page","type-page","status-publish","hentry"],"_links":{"self":[{"href":"https:\/\/skodatour.lu\/de\/wp-json\/wp\/v2\/pages\/3","targetHints":{"allow":["GET"]}}],"collection":[{"href":"https:\/\/skodatour.lu\/de\/wp-json\/wp\/v2\/pages"}],"about":[{"href":"https:\/\/skodatour.lu\/de\/wp-json\/wp\/v2\/types\/page"}],"author":[{"embeddable":true,"href":"https:\/\/skodatour.lu\/de\/wp-json\/wp\/v2\/users\/1"}],"replies":[{"embeddable":true,"href":"https:\/\/skodatour.lu\/de\/wp-json\/wp\/v2\/comments?post=3"}],"version-history":[{"count":7,"href":"https:\/\/skodatour.lu\/de\/wp-json\/wp\/v2\/pages\/3\/revisions"}],"predecessor-version":[{"id":26611,"href":"https:\/\/skodatour.lu\/de\/wp-json\/wp\/v2\/pages\/3\/revisions\/26611"}],"wp:attachment":[{"href":"https:\/\/skodatour.lu\/de\/wp-json\/wp\/v2\/media?parent=3"}],"curies":[{"name":"wp","href":"https:\/\/api.w.org\/{rel}","templated":true}]}}