{"id":3,"date":"2023-05-05T16:39:02","date_gmt":"2023-05-05T14:39:02","guid":{"rendered":"https:\/\/skodatour.lu\/?page_id=3"},"modified":"2023-09-19T17:20:19","modified_gmt":"2023-09-19T15:20:19","slug":"politique-de-confidentialite","status":"publish","type":"page","link":"https:\/\/skodatour.lu\/fr\/politique-de-confidentialite\/","title":{"rendered":"Politique de confidentialit\u00e9"},"content":{"rendered":"<p>Chez Skoda Tour de Luxembourg, nous nous engageons \u00e0 prot\u00e9ger votre vie priv\u00e9e en ne collectant et en ne conservant les informations que dans la mesure o\u00f9 cela est n\u00e9cessaire, en prot\u00e9geant vos donn\u00e9es personnelles \u00e0 l'aide d'une technologie s\u00e9curis\u00e9e et d'autres moyens appropri\u00e9s.<br>des mesures pour la prot\u00e9ger.<\/p>\n\n\n\n<p><br>La pr\u00e9sente politique de confidentialit\u00e9 d\u00e9crit les types d'informations collect\u00e9es et enregistr\u00e9es par le Skoda Tour de Luxembourg et la mani\u00e8re dont nous les utilisons.<\/p>\n\n\n\n<p><br><strong>Donn\u00e9es personnelles et GDPR<\/strong><br>Votre vie priv\u00e9e est importante pour nous, et nous voulons communiquer avec vous d'une mani\u00e8re qui respecte votre vie priv\u00e9e.<br>consentement et qui est conforme \u00e0 la loi GDPR de l'UE sur la protection des donn\u00e9es.<br>Toutes les donn\u00e9es personnelles que vous fournissez \u00e0 Skoda Tour de Luxembourg par le biais de notre site web ne seront utilis\u00e9es que pour les besoins de Skoda Tour de Luxembourg. En soumettant vos coordonn\u00e9es par le biais de notre formulaire de contact, vous confirmez que vous consentez \u00e0 ce que Skoda Tour de Luxembourg conserve et traite vos donn\u00e9es personnelles dans le but de vous contacter au sujet de votre message.<\/p>\n\n\n\n<p><br>Les donn\u00e9es personnelles que nous recevons par l'interm\u00e9diaire de notre site web sont trait\u00e9es sur la base suivante :<br>i) nous avons un int\u00e9r\u00eat l\u00e9gitime \u00e0 le faire, car il est essentiel pour nos activit\u00e9s commerciales ;<br>ii) nous en avons besoin pour vous r\u00e9pondre si vous avez soumis un formulaire de contact ;<br>iii) nous avons re\u00e7u votre autorisation, en vous inscrivant pour recevoir nos articles de blog et nos nouvelles sur le Skoda Tour de Luxembourg.<\/p>\n\n\n\n<p>Bonjour<\/p>\n\n\n\n<p>Skoda Tour de Luxembourg ne vendra, ne louera ou ne c\u00e9dera jamais vos informations personnelles \u00e0 des entit\u00e9s commerciales. Vos donn\u00e9es ne seront jamais communiqu\u00e9es \u00e0 un tiers qu'avec votre consentement.<\/p>\n\n\n\n<p><br>Les informations que vous soumettez sur notre site web sont conserv\u00e9es dans notre base de donn\u00e9es s\u00e9curis\u00e9e. Conform\u00e9ment \u00e0 la<br>Conform\u00e9ment aux exigences du GDPR, nous ne conserverons jamais les informations plus longtemps qu'il n'est raisonnablement n\u00e9cessaire pour atteindre les objectifs suivants<br>les finalit\u00e9s pour lesquelles elles sont stock\u00e9es. Les donn\u00e9es envoy\u00e9es via le formulaire de contact seront imm\u00e9diatement supprim\u00e9es si<br>nous ne pouvons pas donner suite \u00e0 votre demande de contact, ou conserv\u00e9e pendant la dur\u00e9e de notre collaboration et pour une dur\u00e9e de trois ans.<br>jusqu'\u00e0 5 \u00e0 10 ans apr\u00e8s sa fin. Les donn\u00e9es collect\u00e9es lors de l'inscription \u00e0 notre blog seront conserv\u00e9es jusqu'\u00e0<br>vous retirez votre consentement en vous d\u00e9sinscrivant \u00e0 l'aide du lien figurant dans l'e-mail ou en nous envoyant un e-mail.<\/p>\n\n\n\n<p><br><strong>Cookies<\/strong><br>Les cookies sont de petits fichiers de donn\u00e9es qui sont plac\u00e9s sur votre ordinateur ou votre appareil mobile lorsque vous visitez un site web.<br>site web. Les cookies sont largement utilis\u00e9s par les fournisseurs de services pour stocker des informations, y compris les donn\u00e9es des visiteurs.<br>les pr\u00e9f\u00e9rences du visiteur et les pages du site Web auxquelles il a acc\u00e9d\u00e9 ou qu'il a visit\u00e9es. Ces informations sont<br>utilis\u00e9 pour optimiser l'exp\u00e9rience des utilisateurs en personnalisant le contenu de nos pages web en fonction des pr\u00e9f\u00e9rences des visiteurs.<\/p>\n\n\n\n<p>le type de navigateur et\/ou d'autres informations. Vous pouvez \u00e0 tout moment bloquer, contr\u00f4ler ou supprimer les cookies stock\u00e9s<br>sur votre ordinateur en modifiant les param\u00e8tres de votre navigateur web.<\/p>\n\n\n\n<p><strong>Consentement<\/strong><\/p>\n\n\n\n<p><br>En utilisant notre site web, vous signifiez votre consentement \u00e0 notre politique de protection de la vie priv\u00e9e et en acceptez les termes et conditions.<br>conditions. Si vous n'\u00eates pas d'accord, n'utilisez pas notre site web.<\/p>\n\n\n\n<p><br>Si vous avez des questions suppl\u00e9mentaires ou si vous souhaitez obtenir plus d'informations sur notre politique de protection de la vie priv\u00e9e, n'h\u00e9sitez pas \u00e0 nous contacter.<br>n'h\u00e9sitez pas \u00e0 nous contacter.<\/p>","protected":false},"excerpt":{"rendered":"<p>Chez Skoda Tour de Luxembourg, nous nous engageons \u00e0 prot\u00e9ger votre vie priv\u00e9e en ne collectant et en ne conservant les informations que dans la mesure o\u00f9 cela est n\u00e9cessaire, en sauvegardant vos donn\u00e9es personnelles \u00e0 l'aide d'une technologie s\u00e9curis\u00e9e et d'autres mesures appropri\u00e9es pour les prot\u00e9ger. Cette politique de confidentialit\u00e9 contient les types d'informations qui sont collect\u00e9es et enregistr\u00e9es par Skoda Tour de Luxembourg et comment [...]<\/p>","protected":false},"author":1,"featured_media":0,"parent":0,"menu_order":15,"comment_status":"closed","ping_status":"closed","template":"","meta":{"footnotes":""},"class_list":["post-3","page","type-page","status-publish","hentry"],"_links":{"self":[{"href":"https:\/\/skodatour.lu\/fr\/wp-json\/wp\/v2\/pages\/3","targetHints":{"allow":["GET"]}}],"collection":[{"href":"https:\/\/skodatour.lu\/fr\/wp-json\/wp\/v2\/pages"}],"about":[{"href":"https:\/\/skodatour.lu\/fr\/wp-json\/wp\/v2\/types\/page"}],"author":[{"embeddable":true,"href":"https:\/\/skodatour.lu\/fr\/wp-json\/wp\/v2\/users\/1"}],"replies":[{"embeddable":true,"href":"https:\/\/skodatour.lu\/fr\/wp-json\/wp\/v2\/comments?post=3"}],"version-history":[{"count":7,"href":"https:\/\/skodatour.lu\/fr\/wp-json\/wp\/v2\/pages\/3\/revisions"}],"predecessor-version":[{"id":26611,"href":"https:\/\/skodatour.lu\/fr\/wp-json\/wp\/v2\/pages\/3\/revisions\/26611"}],"wp:attachment":[{"href":"https:\/\/skodatour.lu\/fr\/wp-json\/wp\/v2\/media?parent=3"}],"curies":[{"name":"wp","href":"https:\/\/api.w.org\/{rel}","templated":true}]}}