{"id":32976,"date":"2025-09-01T10:18:18","date_gmt":"2025-09-01T08:18:18","guid":{"rendered":"https:\/\/skodatour.lu\/?page_id=32976"},"modified":"2025-09-18T11:09:07","modified_gmt":"2025-09-18T09:09:07","slug":"evenements-paralleles","status":"publish","type":"page","link":"https:\/\/skodatour.lu\/fr\/evenements-paralleles\/","title":{"rendered":"\u00c9v\u00e9nements parall\u00e8les"},"content":{"rendered":"","protected":false},"excerpt":{"rendered":"","protected":false},"author":2,"featured_media":0,"parent":0,"menu_order":0,"comment_status":"closed","ping_status":"closed","template":"","meta":{"footnotes":""},"class_list":["post-32976","page","type-page","status-publish","hentry"],"_links":{"self":[{"href":"https:\/\/skodatour.lu\/fr\/wp-json\/wp\/v2\/pages\/32976","targetHints":{"allow":["GET"]}}],"collection":[{"href":"https:\/\/skodatour.lu\/fr\/wp-json\/wp\/v2\/pages"}],"about":[{"href":"https:\/\/skodatour.lu\/fr\/wp-json\/wp\/v2\/types\/page"}],"author":[{"embeddable":true,"href":"https:\/\/skodatour.lu\/fr\/wp-json\/wp\/v2\/users\/2"}],"replies":[{"embeddable":true,"href":"https:\/\/skodatour.lu\/fr\/wp-json\/wp\/v2\/comments?post=32976"}],"version-history":[{"count":66,"href":"https:\/\/skodatour.lu\/fr\/wp-json\/wp\/v2\/pages\/32976\/revisions"}],"predecessor-version":[{"id":33081,"href":"https:\/\/skodatour.lu\/fr\/wp-json\/wp\/v2\/pages\/32976\/revisions\/33081"}],"wp:attachment":[{"href":"https:\/\/skodatour.lu\/fr\/wp-json\/wp\/v2\/media?parent=32976"}],"curies":[{"name":"wp","href":"https:\/\/api.w.org\/{rel}","templated":true}]}}